{"id":44,"date":"2025-06-19T14:05:06","date_gmt":"2025-06-19T12:05:06","guid":{"rendered":"https:\/\/play-list.cz\/?page_id=44"},"modified":"2026-02-12T14:24:27","modified_gmt":"2026-02-12T13:24:27","slug":"film-festival","status":"publish","type":"page","link":"https:\/\/play-list.cz\/en\/film-festival\/","title":{"rendered":"Film Festival"},"content":{"rendered":"","protected":false},"excerpt":{"rendered":"","protected":false},"author":1,"featured_media":2589,"parent":0,"menu_order":0,"comment_status":"closed","ping_status":"closed","template":"elementor_theme","meta":{"_uag_custom_page_level_css":"","site-sidebar-layout":"default","site-content-layout":"","ast-site-content-layout":"default","site-content-style":"default","site-sidebar-style":"default","ast-global-header-display":"","ast-banner-title-visibility":"","ast-main-header-display":"","ast-hfb-above-header-display":"","ast-hfb-below-header-display":"","ast-hfb-mobile-header-display":"","site-post-title":"","ast-breadcrumbs-content":"","ast-featured-img":"","footer-sml-layout":"","ast-disable-related-posts":"","theme-transparent-header-meta":"","adv-header-id-meta":"","stick-header-meta":"","header-above-stick-meta":"","header-main-stick-meta":"","header-below-stick-meta":"","astra-migrate-meta-layouts":"set","ast-page-background-enabled":"default","ast-page-background-meta":{"desktop":{"background-color":"var(--ast-global-color-4)","background-image":"","background-repeat":"repeat","background-position":"center center","background-size":"auto","background-attachment":"scroll","background-type":"","background-media":"","overlay-type":"","overlay-color":"","overlay-opacity":"","overlay-gradient":""},"tablet":{"background-color":"","background-image":"","background-repeat":"repeat","background-position":"center center","background-size":"auto","background-attachment":"scroll","background-type":"","background-media":"","overlay-type":"","overlay-color":"","overlay-opacity":"","overlay-gradient":""},"mobile":{"background-color":"","background-image":"","background-repeat":"repeat","background-position":"center center","background-size":"auto","background-attachment":"scroll","background-type":"","background-media":"","overlay-type":"","overlay-color":"","overlay-opacity":"","overlay-gradient":""}},"ast-content-background-meta":{"desktop":{"background-color":"var(--ast-global-color-5)","background-image":"","background-repeat":"repeat","background-position":"center center","background-size":"auto","background-attachment":"scroll","background-type":"","background-media":"","overlay-type":"","overlay-color":"","overlay-opacity":"","overlay-gradient":""},"tablet":{"background-color":"var(--ast-global-color-5)","background-image":"","background-repeat":"repeat","background-position":"center center","background-size":"auto","background-attachment":"scroll","background-type":"","background-media":"","overlay-type":"","overlay-color":"","overlay-opacity":"","overlay-gradient":""},"mobile":{"background-color":"var(--ast-global-color-5)","background-image":"","background-repeat":"repeat","background-position":"center center","background-size":"auto","background-attachment":"scroll","background-type":"","background-media":"","overlay-type":"","overlay-color":"","overlay-opacity":"","overlay-gradient":""}},"footnotes":""},"class_list":["post-44","page","type-page","status-publish","has-post-thumbnail","hentry"],"yoast_head":"<!-- This site is optimized with the Yoast SEO plugin v27.5 - https:\/\/yoast.com\/product\/yoast-seo-wordpress\/ -->\n<title>Film Festival - 4.4.2027<\/title>\n<meta name=\"description\" content=\"Playlist Film Festival - 4.4.26 HK Bio Central, Hradec Kr\u00e1lov\u00e9. Prvn\u00ed ro\u010dn\u00edk AI filmov\u00e9ho festivalu. 13 kr\u00e1tk\u00fdch film\u016f: Bubola, Secrets of Kandahar, Chu\u0165ovej kan\u00e1l.\" \/>\n<meta name=\"robots\" content=\"index, follow, max-snippet:-1, max-image-preview:large, max-video-preview:-1\" \/>\n<link rel=\"canonical\" href=\"https:\/\/play-list.cz\/en\/film-festival\/\" \/>\n<meta property=\"og:locale\" content=\"en_US\" \/>\n<meta property=\"og:type\" content=\"article\" \/>\n<meta property=\"og:title\" content=\"Film Festival - 4.4.2027\" \/>\n<meta property=\"og:description\" content=\"Playlist Film Festival - 4.4.26 HK Bio Central, Hradec Kr\u00e1lov\u00e9. Prvn\u00ed ro\u010dn\u00edk AI filmov\u00e9ho festivalu. 13 kr\u00e1tk\u00fdch film\u016f: Bubola, Secrets of Kandahar, Chu\u0165ovej kan\u00e1l.\" \/>\n<meta property=\"og:url\" content=\"https:\/\/play-list.cz\/en\/film-festival\/\" \/>\n<meta property=\"og:site_name\" content=\"4.4.2027\" \/>\n<meta property=\"article:publisher\" content=\"https:\/\/www.facebook.com\/groups\/promoteyourplaylist\" \/>\n<meta property=\"article:modified_time\" content=\"2026-02-12T13:24:27+00:00\" \/>\n<meta property=\"og:image\" content=\"https:\/\/play-list.cz\/wp-content\/uploads\/2026\/02\/playlist_ogg.jpg\" \/>\n\t<meta property=\"og:image:width\" content=\"1000\" \/>\n\t<meta property=\"og:image:height\" content=\"523\" \/>\n\t<meta property=\"og:image:type\" content=\"image\/jpeg\" \/>\n<meta name=\"twitter:card\" content=\"summary_large_image\" \/>\n<meta name=\"twitter:site\" content=\"@Playlist_IFF\" \/>\n<meta name=\"twitter:label1\" content=\"Est. reading time\" \/>\n\t<meta name=\"twitter:data1\" content=\"1 minute\" \/>\n<script type=\"application\/ld+json\" class=\"yoast-schema-graph\">{\"@context\":\"https:\\\/\\\/schema.org\",\"@graph\":[{\"@type\":\"WebPage\",\"@id\":\"https:\\\/\\\/play-list.cz\\\/film-festival\\\/\",\"url\":\"https:\\\/\\\/play-list.cz\\\/film-festival\\\/\",\"name\":\"Film Festival - 4.4.2027\",\"isPartOf\":{\"@id\":\"https:\\\/\\\/play-list.cz\\\/#website\"},\"primaryImageOfPage\":{\"@id\":\"https:\\\/\\\/play-list.cz\\\/film-festival\\\/#primaryimage\"},\"image\":{\"@id\":\"https:\\\/\\\/play-list.cz\\\/film-festival\\\/#primaryimage\"},\"thumbnailUrl\":\"https:\\\/\\\/play-list.cz\\\/wp-content\\\/uploads\\\/2026\\\/02\\\/playlist_ogg.jpg\",\"datePublished\":\"2025-06-19T12:05:06+00:00\",\"dateModified\":\"2026-02-12T13:24:27+00:00\",\"description\":\"Playlist Film Festival - 4.4.26 HK Bio Central, Hradec Kr\u00e1lov\u00e9. Prvn\u00ed ro\u010dn\u00edk AI filmov\u00e9ho festivalu. 13 kr\u00e1tk\u00fdch film\u016f: Bubola, Secrets of Kandahar, Chu\u0165ovej kan\u00e1l.\",\"breadcrumb\":{\"@id\":\"https:\\\/\\\/play-list.cz\\\/film-festival\\\/#breadcrumb\"},\"inLanguage\":\"en-US\",\"potentialAction\":[{\"@type\":\"ReadAction\",\"target\":[\"https:\\\/\\\/play-list.cz\\\/film-festival\\\/\"]}]},{\"@type\":\"ImageObject\",\"inLanguage\":\"en-US\",\"@id\":\"https:\\\/\\\/play-list.cz\\\/film-festival\\\/#primaryimage\",\"url\":\"https:\\\/\\\/play-list.cz\\\/wp-content\\\/uploads\\\/2026\\\/02\\\/playlist_ogg.jpg\",\"contentUrl\":\"https:\\\/\\\/play-list.cz\\\/wp-content\\\/uploads\\\/2026\\\/02\\\/playlist_ogg.jpg\",\"width\":1000,\"height\":523,\"caption\":\"Playlist Film Festival - 4.4.26 HK\"},{\"@type\":\"BreadcrumbList\",\"@id\":\"https:\\\/\\\/play-list.cz\\\/film-festival\\\/#breadcrumb\",\"itemListElement\":[{\"@type\":\"ListItem\",\"position\":1,\"name\":\"Dom\u016f\",\"item\":\"https:\\\/\\\/play-list.cz\\\/\"},{\"@type\":\"ListItem\",\"position\":2,\"name\":\"Film Festival\"}]},{\"@type\":\"WebSite\",\"@id\":\"https:\\\/\\\/play-list.cz\\\/#website\",\"url\":\"https:\\\/\\\/play-list.cz\\\/\",\"name\":\"Playlist Film Festival\",\"description\":\"PLAYLIST FILM FESTIVAL\",\"publisher\":{\"@id\":\"https:\\\/\\\/play-list.cz\\\/#organization\"},\"alternateName\":\"PiFF\",\"potentialAction\":[{\"@type\":\"SearchAction\",\"target\":{\"@type\":\"EntryPoint\",\"urlTemplate\":\"https:\\\/\\\/play-list.cz\\\/?s={search_term_string}\"},\"query-input\":{\"@type\":\"PropertyValueSpecification\",\"valueRequired\":true,\"valueName\":\"search_term_string\"}}],\"inLanguage\":\"en-US\"},{\"@type\":\"Organization\",\"@id\":\"https:\\\/\\\/play-list.cz\\\/#organization\",\"name\":\"PIFF\",\"alternateName\":\"Playlist Film Festival\",\"url\":\"https:\\\/\\\/play-list.cz\\\/\",\"logo\":{\"@type\":\"ImageObject\",\"inLanguage\":\"en-US\",\"@id\":\"https:\\\/\\\/play-list.cz\\\/#\\\/schema\\\/logo\\\/image\\\/\",\"url\":\"https:\\\/\\\/play-list.cz\\\/wp-content\\\/uploads\\\/2025\\\/06\\\/cropped-playlist-PIFF-Logo_bitmap_noeff.png\",\"contentUrl\":\"https:\\\/\\\/play-list.cz\\\/wp-content\\\/uploads\\\/2025\\\/06\\\/cropped-playlist-PIFF-Logo_bitmap_noeff.png\",\"width\":586,\"height\":319,\"caption\":\"PIFF\"},\"image\":{\"@id\":\"https:\\\/\\\/play-list.cz\\\/#\\\/schema\\\/logo\\\/image\\\/\"},\"sameAs\":[\"https:\\\/\\\/www.facebook.com\\\/groups\\\/promoteyourplaylist\",\"https:\\\/\\\/x.com\\\/Playlist_IFF\",\"https:\\\/\\\/www.instagram.com\\\/playlist.iff\\\/\",\"https:\\\/\\\/bsky.app\\\/profile\\\/playlist-iff.bsky.social\",\"https:\\\/\\\/www.imdb.com\\\/user\\\/ur203332179\\\/\"]}]}<\/script>\n<!-- \/ Yoast SEO plugin. -->","yoast_head_json":{"title":"Film Festival - 4.4.2027","description":"Playlist Film Festival - 4.4.26 HK Bio Central, Hradec Kr\u00e1lov\u00e9. Prvn\u00ed ro\u010dn\u00edk AI filmov\u00e9ho festivalu. 13 kr\u00e1tk\u00fdch film\u016f: Bubola, Secrets of Kandahar, Chu\u0165ovej kan\u00e1l.","robots":{"index":"index","follow":"follow","max-snippet":"max-snippet:-1","max-image-preview":"max-image-preview:large","max-video-preview":"max-video-preview:-1"},"canonical":"https:\/\/play-list.cz\/en\/film-festival\/","og_locale":"en_US","og_type":"article","og_title":"Film Festival - 4.4.2027","og_description":"Playlist Film Festival - 4.4.26 HK Bio Central, Hradec Kr\u00e1lov\u00e9. Prvn\u00ed ro\u010dn\u00edk AI filmov\u00e9ho festivalu. 13 kr\u00e1tk\u00fdch film\u016f: Bubola, Secrets of Kandahar, Chu\u0165ovej kan\u00e1l.","og_url":"https:\/\/play-list.cz\/en\/film-festival\/","og_site_name":"4.4.2027","article_publisher":"https:\/\/www.facebook.com\/groups\/promoteyourplaylist","article_modified_time":"2026-02-12T13:24:27+00:00","og_image":[{"width":1000,"height":523,"url":"https:\/\/play-list.cz\/wp-content\/uploads\/2026\/02\/playlist_ogg.jpg","type":"image\/jpeg"}],"twitter_card":"summary_large_image","twitter_site":"@Playlist_IFF","twitter_misc":{"Est. reading time":"1 minute"},"schema":{"@context":"https:\/\/schema.org","@graph":[{"@type":"WebPage","@id":"https:\/\/play-list.cz\/film-festival\/","url":"https:\/\/play-list.cz\/film-festival\/","name":"Film Festival - 4.4.2027","isPartOf":{"@id":"https:\/\/play-list.cz\/#website"},"primaryImageOfPage":{"@id":"https:\/\/play-list.cz\/film-festival\/#primaryimage"},"image":{"@id":"https:\/\/play-list.cz\/film-festival\/#primaryimage"},"thumbnailUrl":"https:\/\/play-list.cz\/wp-content\/uploads\/2026\/02\/playlist_ogg.jpg","datePublished":"2025-06-19T12:05:06+00:00","dateModified":"2026-02-12T13:24:27+00:00","description":"Playlist Film Festival - 4.4.26 HK Bio Central, Hradec Kr\u00e1lov\u00e9. Prvn\u00ed ro\u010dn\u00edk AI filmov\u00e9ho festivalu. 13 kr\u00e1tk\u00fdch film\u016f: Bubola, Secrets of Kandahar, Chu\u0165ovej kan\u00e1l.","breadcrumb":{"@id":"https:\/\/play-list.cz\/film-festival\/#breadcrumb"},"inLanguage":"en-US","potentialAction":[{"@type":"ReadAction","target":["https:\/\/play-list.cz\/film-festival\/"]}]},{"@type":"ImageObject","inLanguage":"en-US","@id":"https:\/\/play-list.cz\/film-festival\/#primaryimage","url":"https:\/\/play-list.cz\/wp-content\/uploads\/2026\/02\/playlist_ogg.jpg","contentUrl":"https:\/\/play-list.cz\/wp-content\/uploads\/2026\/02\/playlist_ogg.jpg","width":1000,"height":523,"caption":"Playlist Film Festival - 4.4.26 HK"},{"@type":"BreadcrumbList","@id":"https:\/\/play-list.cz\/film-festival\/#breadcrumb","itemListElement":[{"@type":"ListItem","position":1,"name":"Dom\u016f","item":"https:\/\/play-list.cz\/"},{"@type":"ListItem","position":2,"name":"Film Festival"}]},{"@type":"WebSite","@id":"https:\/\/play-list.cz\/#website","url":"https:\/\/play-list.cz\/","name":"Playlist Film Festival","description":"PLAYLIST FILM FESTIVAL","publisher":{"@id":"https:\/\/play-list.cz\/#organization"},"alternateName":"PiFF","potentialAction":[{"@type":"SearchAction","target":{"@type":"EntryPoint","urlTemplate":"https:\/\/play-list.cz\/?s={search_term_string}"},"query-input":{"@type":"PropertyValueSpecification","valueRequired":true,"valueName":"search_term_string"}}],"inLanguage":"en-US"},{"@type":"Organization","@id":"https:\/\/play-list.cz\/#organization","name":"PIFF","alternateName":"Playlist Film Festival","url":"https:\/\/play-list.cz\/","logo":{"@type":"ImageObject","inLanguage":"en-US","@id":"https:\/\/play-list.cz\/#\/schema\/logo\/image\/","url":"https:\/\/play-list.cz\/wp-content\/uploads\/2025\/06\/cropped-playlist-PIFF-Logo_bitmap_noeff.png","contentUrl":"https:\/\/play-list.cz\/wp-content\/uploads\/2025\/06\/cropped-playlist-PIFF-Logo_bitmap_noeff.png","width":586,"height":319,"caption":"PIFF"},"image":{"@id":"https:\/\/play-list.cz\/#\/schema\/logo\/image\/"},"sameAs":["https:\/\/www.facebook.com\/groups\/promoteyourplaylist","https:\/\/x.com\/Playlist_IFF","https:\/\/www.instagram.com\/playlist.iff\/","https:\/\/bsky.app\/profile\/playlist-iff.bsky.social","https:\/\/www.imdb.com\/user\/ur203332179\/"]}]}},"uagb_featured_image_src":{"full":["https:\/\/play-list.cz\/wp-content\/uploads\/2026\/02\/playlist_ogg.jpg",1000,523,false],"thumbnail":["https:\/\/play-list.cz\/wp-content\/uploads\/2026\/02\/playlist_ogg-150x150.jpg",150,150,true],"medium":["https:\/\/play-list.cz\/wp-content\/uploads\/2026\/02\/playlist_ogg-300x157.jpg",300,157,true],"medium_large":["https:\/\/play-list.cz\/wp-content\/uploads\/2026\/02\/playlist_ogg-768x402.jpg",768,402,true],"large":["https:\/\/play-list.cz\/wp-content\/uploads\/2026\/02\/playlist_ogg.jpg",1000,523,false],"1536x1536":["https:\/\/play-list.cz\/wp-content\/uploads\/2026\/02\/playlist_ogg.jpg",1000,523,false],"2048x2048":["https:\/\/play-list.cz\/wp-content\/uploads\/2026\/02\/playlist_ogg.jpg",1000,523,false],"trp-custom-language-flag":["https:\/\/play-list.cz\/wp-content\/uploads\/2026\/02\/playlist_ogg.jpg",18,9,false]},"uagb_author_info":{"display_name":"chroust","author_link":"https:\/\/play-list.cz\/en\/author\/chroust\/"},"uagb_comment_info":0,"uagb_excerpt":null,"_links":{"self":[{"href":"https:\/\/play-list.cz\/en\/wp-json\/wp\/v2\/pages\/44","targetHints":{"allow":["GET"]}}],"collection":[{"href":"https:\/\/play-list.cz\/en\/wp-json\/wp\/v2\/pages"}],"about":[{"href":"https:\/\/play-list.cz\/en\/wp-json\/wp\/v2\/types\/page"}],"author":[{"embeddable":true,"href":"https:\/\/play-list.cz\/en\/wp-json\/wp\/v2\/users\/1"}],"replies":[{"embeddable":true,"href":"https:\/\/play-list.cz\/en\/wp-json\/wp\/v2\/comments?post=44"}],"version-history":[{"count":2,"href":"https:\/\/play-list.cz\/en\/wp-json\/wp\/v2\/pages\/44\/revisions"}],"predecessor-version":[{"id":2598,"href":"https:\/\/play-list.cz\/en\/wp-json\/wp\/v2\/pages\/44\/revisions\/2598"}],"wp:featuredmedia":[{"embeddable":true,"href":"https:\/\/play-list.cz\/en\/wp-json\/wp\/v2\/media\/2589"}],"wp:attachment":[{"href":"https:\/\/play-list.cz\/en\/wp-json\/wp\/v2\/media?parent=44"}],"curies":[{"name":"wp","href":"https:\/\/api.w.org\/{rel}","templated":true}]}}