{"id":2614,"date":"2026-02-17T15:20:56","date_gmt":"2026-02-17T14:20:56","guid":{"rendered":"https:\/\/play-list.cz\/?page_id=2614"},"modified":"2026-04-13T13:21:27","modified_gmt":"2026-04-13T11:21:27","slug":"blog","status":"publish","type":"page","link":"https:\/\/play-list.cz\/en\/blog\/","title":{"rendered":"Blog"},"content":{"rendered":"<div data-elementor-type=\"wp-page\" data-elementor-id=\"2614\" class=\"elementor elementor-2614\">\n\t\t\t\t<div class=\"elementor-element elementor-element-7f80aae3 e-flex e-con-boxed e-con e-parent\" data-id=\"7f80aae3\" data-element_type=\"container\" data-e-type=\"container\">\n\t\t\t\t\t<div class=\"e-con-inner\">\n\t\t\t\t<div class=\"elementor-element elementor-element-2b16150c elementor-widget elementor-widget-text-editor\" data-id=\"2b16150c\" data-element_type=\"widget\" data-e-type=\"widget\" data-widget_type=\"text-editor.default\">\n\t\t\t\t<div class=\"elementor-widget-container\">\n\t\t\t\t\t\t\t\t\t<ul class=\"wp-block-latest-posts__list wp-block-latest-posts\"><li><a class=\"wp-block-latest-posts__post-title\" href=\"https:\/\/play-list.cz\/en\/playlist-cislo-1-zije\/\">PLAYLIST No. 1 is Alive!<\/a><\/li>\n<li><a class=\"wp-block-latest-posts__post-title\" href=\"https:\/\/play-list.cz\/en\/playlist-malej-festival-s-velkou-chuti\/\">PLAYLIST: Small festival, big taste<\/a><\/li>\n<\/ul>\n<p>\u00a0<\/p>\n\n<p>\u00a0<\/p>\n\t\t\t\t\t\t\t\t<\/div>\n\t\t\t\t<\/div>\n\t\t\t\t\t<\/div>\n\t\t\t\t<\/div>\n\t\t<div class=\"elementor-element elementor-element-6989e27 e-flex e-con-boxed e-con e-parent\" data-id=\"6989e27\" data-element_type=\"container\" data-e-type=\"container\">\n\t\t\t\t\t<div class=\"e-con-inner\">\n\t\t\t\t<div class=\"elementor-element elementor-element-4a087f5 elementor-widget elementor-widget-hfe-basic-posts\" data-id=\"4a087f5\" data-element_type=\"widget\" data-e-type=\"widget\" data-widget_type=\"hfe-basic-posts.default\">\n\t\t\t\t<div class=\"elementor-widget-container\">\n\t\t\t\t\t\n<div class=\"hfe-posts-grid\">\n\t\t\t<article class=\"hfe-post-card\">\n\t\t\t\t\t\t\t<div class=\"hfe-post-image\">\n\t\t\t\t\t<a href=\"https:\/\/play-list.cz\/en\/playlist-cislo-1-zije\/\" rel=\"bookmark\">\n\t\t\t\t\t\t<img loading=\"lazy\" decoding=\"async\" width=\"300\" height=\"200\" src=\"https:\/\/play-list.cz\/wp-content\/uploads\/2026\/04\/playlist_1-300x200.png\" class=\"attachment-medium size-medium wp-post-image\" alt=\"PLAYLIST \u010d\u00edslo 1 \u017eije!\" srcset=\"https:\/\/play-list.cz\/wp-content\/uploads\/2026\/04\/playlist_1-300x200.png 300w, https:\/\/play-list.cz\/wp-content\/uploads\/2026\/04\/playlist_1-1024x683.png 1024w, https:\/\/play-list.cz\/wp-content\/uploads\/2026\/04\/playlist_1-768x512.png 768w, https:\/\/play-list.cz\/wp-content\/uploads\/2026\/04\/playlist_1-18x12.png 18w, https:\/\/play-list.cz\/wp-content\/uploads\/2026\/04\/playlist_1.png 1536w\" sizes=\"auto, (max-width: 300px) 100vw, 300px\" \/>\t\t\t\t\t<\/a>\n\t\t\t\t<\/div>\n\t\t\t\n\t\t\t<div class=\"hfe-post-content\">\n\t\t\t\t\t\t\t\t\t<h3 class=\"hfe-post-title\">\n\t\t\t\t\t\t<a href=\"https:\/\/play-list.cz\/en\/playlist-cislo-1-zije\/\" rel=\"bookmark\">\n\t\t\t\t\t\t\tPLAYLIST No. 1 is Alive!\t\t\t\t\t\t<\/a>\n\t\t\t\t\t<\/h3>\n\t\t\t\t\n\t\t\t\t\t\t\t\t\t<div class=\"hfe-post-meta\">\n\t\t\t\t\t\t<span class=\"hfe-post-date\">12. 4. 2026<\/span><span class=\"hfe-meta-separator\"> | <\/span><span class=\"hfe-post-author\">by chroust<\/span>\t\t\t\t\t<\/div>\n\t\t\t\t\n\t\t\t\t\t\t\t\t\t<div class=\"hfe-post-excerpt\">\n\t\t\t\t\t\tPlaylist International Film Festival: Mal\u00fd form\u00e1t, velk\u00e1 ambice Na B\u00edlou sobotu 4. dubna 2026 prob\u011bhl v mal\u00e9m s\u00e1le kina Bio...\t\t\t\t\t<\/div>\n\t\t\t\t\n\t\t\t\t\t\t\t\t\t<a href=\"https:\/\/play-list.cz\/en\/playlist-cislo-1-zije\/\" class=\"hfe-read-more\" rel=\"bookmark\">\n\t\t\t\t\t\tRead More \u2192\t\t\t\t\t<\/a>\n\t\t\t\t\t\t\t<\/div>\n\t\t<\/article>\n\t\t\t\t<article class=\"hfe-post-card\">\n\t\t\t\t\t\t\t<div class=\"hfe-post-image\">\n\t\t\t\t\t<a href=\"https:\/\/play-list.cz\/en\/playlist-malej-festival-s-velkou-chuti\/\" rel=\"bookmark\">\n\t\t\t\t\t\t<img loading=\"lazy\" decoding=\"async\" width=\"300\" height=\"157\" src=\"https:\/\/play-list.cz\/wp-content\/uploads\/2026\/02\/playlist_ogg-300x157.jpg\" class=\"attachment-medium size-medium wp-post-image\" alt=\"PLAYLIST:\u00a0Malej festival s velkou chut\u00ed\" srcset=\"https:\/\/play-list.cz\/wp-content\/uploads\/2026\/02\/playlist_ogg-300x157.jpg 300w, https:\/\/play-list.cz\/wp-content\/uploads\/2026\/02\/playlist_ogg-768x402.jpg 768w, https:\/\/play-list.cz\/wp-content\/uploads\/2026\/02\/playlist_ogg.jpg 1000w\" sizes=\"auto, (max-width: 300px) 100vw, 300px\" \/>\t\t\t\t\t<\/a>\n\t\t\t\t<\/div>\n\t\t\t\n\t\t\t<div class=\"hfe-post-content\">\n\t\t\t\t\t\t\t\t\t<h3 class=\"hfe-post-title\">\n\t\t\t\t\t\t<a href=\"https:\/\/play-list.cz\/en\/playlist-malej-festival-s-velkou-chuti\/\" rel=\"bookmark\">\n\t\t\t\t\t\t\tPLAYLIST: Small festival, big taste\t\t\t\t\t\t<\/a>\n\t\t\t\t\t<\/h3>\n\t\t\t\t\n\t\t\t\t\t\t\t\t\t<div class=\"hfe-post-meta\">\n\t\t\t\t\t\t<span class=\"hfe-post-date\">17. 2. 2026<\/span><span class=\"hfe-meta-separator\"> | <\/span><span class=\"hfe-post-author\">by chroust<\/span>\t\t\t\t\t<\/div>\n\t\t\t\t\n\t\t\t\t\t\t\t\t\t<div class=\"hfe-post-excerpt\">\n\t\t\t\t\t\tChci, aby ses c\u00edtil v\u00edtanej. A\u0165 u\u017e jsi filmovej geek, fanou\u0161ek sci-fi, hudebn\u00ed nad\u0161enec nebo prost\u011b n\u011bkdo, kdo m\u00e1 r\u00e1d...\t\t\t\t\t<\/div>\n\t\t\t\t\n\t\t\t\t\t\t\t\t\t<a href=\"https:\/\/play-list.cz\/en\/playlist-malej-festival-s-velkou-chuti\/\" class=\"hfe-read-more\" rel=\"bookmark\">\n\t\t\t\t\t\tRead More \u2192\t\t\t\t\t<\/a>\n\t\t\t\t\t\t\t<\/div>\n\t\t<\/article>\n\t\t<\/div>\n\t\t\t\t<\/div>\n\t\t\t\t<\/div>\n\t\t\t\t\t<\/div>\n\t\t\t\t<\/div>\n\t\t<div class=\"elementor-element elementor-element-4d260bd e-flex e-con-boxed e-con e-parent\" data-id=\"4d260bd\" data-element_type=\"container\" data-e-type=\"container\">\n\t\t\t\t\t<div class=\"e-con-inner\">\n\t\t\t\t<div class=\"elementor-element elementor-element-f4d396d elementor-widget elementor-widget-shortcode\" data-id=\"f4d396d\" data-element_type=\"widget\" data-e-type=\"widget\" data-widget_type=\"shortcode.default\">\n\t\t\t\t<div class=\"elementor-widget-container\">\n\t\t\t\t\t\t\t<div class=\"elementor-shortcode\"><div class=\"wpra-display align\" data-display-id=\"2\" hx-target=\"this\" hx-swap=\"outerHTML\">    <div class=\"wp-rss-aggregator wpra-list-template\">\n        <ul class=\"rss-aggregator wpra-item-list wpra-item-list--bullets wpra-item-list--default\" start=\"1\">\n                <li class=\"wpra-item feed-item\">\n        <a href=\"https:\/\/d3arts.cz\/film\/playlist-film-festival-ai\/\" class=\"\" target=\"_blank\" rel=\"noopener noreferrer nofollow\" style=\"\">Po\u0159\u00e1d\u00e1m festival AI filmu!<\/a>\n\n        <div class=\"wprss-feed-meta\">\n                <span class=\"feed-source\">\n        Source:  <a href=\"https:\/\/d3arts.cz\/feed\" class=\"\" target=\"_blank\" rel=\"noopener noreferrer nofollow\" style=\"\">d3arts.cz<\/a>\n    <\/span>\n                <span class=\"feed-date\">\n        Date:  2026-02-13\n    <\/span>\n            <span class=\"feed-author\">By d3arts.cz<\/span>\n        <\/div>\n\n        \n    <\/li>    <li class=\"wpra-item feed-item\">\n        <a href=\"https:\/\/d3arts.cz\/literatura\/hyperfantazie-jako-kolektivni-vedomi\/\" class=\"\" target=\"_blank\" rel=\"noopener noreferrer nofollow\" style=\"\">Hyperfantazie jako kolektivn\u00ed ne-v\u011bdom\u00ed<\/a>\n\n        <div class=\"wprss-feed-meta\">\n                <span class=\"feed-source\">\n        Source:  <a href=\"https:\/\/d3arts.cz\/feed\" class=\"\" target=\"_blank\" rel=\"noopener noreferrer nofollow\" style=\"\">d3arts.cz<\/a>\n    <\/span>\n                <span class=\"feed-date\">\n        Date:  2026-01-07\n    <\/span>\n            <span class=\"feed-author\">By d3arts.cz<\/span>\n        <\/div>\n\n        \n    <\/li>    <li class=\"wpra-item feed-item\">\n        <a href=\"https:\/\/d3arts.cz\/umela-inteligence\/obsahuje-ai-mela-by-byt-hudba-opatrena-stitkem\/\" class=\"\" target=\"_blank\" rel=\"noopener noreferrer nofollow\" style=\"\">\u201eObsahuje AI\u201c: M\u011bla by b\u00fdt hudba opat\u0159ena \u0161t\u00edtkem?<\/a>\n\n        <div class=\"wprss-feed-meta\">\n                <span class=\"feed-source\">\n        Source:  <a href=\"https:\/\/d3arts.cz\/feed\" class=\"\" target=\"_blank\" rel=\"noopener noreferrer nofollow\" style=\"\">d3arts.cz<\/a>\n    <\/span>\n                <span class=\"feed-date\">\n        Date:  2025-11-02\n    <\/span>\n            <span class=\"feed-author\">By d3arts.cz<\/span>\n        <\/div>\n\n        \n    <\/li>    <li class=\"wpra-item feed-item\">\n        <a href=\"https:\/\/d3arts.cz\/post-format-audio\/udio-konec-ai-hudebni-utopie\/\" class=\"\" target=\"_blank\" rel=\"noopener noreferrer nofollow\" style=\"\">Udio: Konec AI hudebn\u00ed utopie<\/a>\n\n        <div class=\"wprss-feed-meta\">\n                <span class=\"feed-source\">\n        Source:  <a href=\"https:\/\/d3arts.cz\/feed\" class=\"\" target=\"_blank\" rel=\"noopener noreferrer nofollow\" style=\"\">d3arts.cz<\/a>\n    <\/span>\n                <span class=\"feed-date\">\n        Date:  2025-11-02\n    <\/span>\n            <span class=\"feed-author\">By d3arts.cz<\/span>\n        <\/div>\n\n        \n    <\/li>    <li class=\"wpra-item feed-item\">\n        <a href=\"https:\/\/d3arts.cz\/umela-inteligence\/tvoreni-videa-s-aleph-od-runwayml\/\" class=\"\" target=\"_blank\" rel=\"noopener noreferrer nofollow\" style=\"\">P\u0159etvo\u0159en\u00ed videa s Aleph od RunwayML<\/a>\n\n        <div class=\"wprss-feed-meta\">\n                <span class=\"feed-source\">\n        Source:  <a href=\"https:\/\/d3arts.cz\/feed\" class=\"\" target=\"_blank\" rel=\"noopener noreferrer nofollow\" style=\"\">d3arts.cz<\/a>\n    <\/span>\n                <span class=\"feed-date\">\n        Date:  2025-09-17\n    <\/span>\n            <span class=\"feed-author\">By d3arts.cz<\/span>\n        <\/div>\n\n        \n    <\/li>    <li class=\"wpra-item feed-item\">\n        <a href=\"https:\/\/d3arts.cz\/umela-inteligence\/midjourney-video-animace\/\" class=\"\" target=\"_blank\" rel=\"noopener noreferrer nofollow\" style=\"\">Midjourney funkce AI pro ovl\u00e1d\u00e1n\u00ed po\u010d\u00e1te\u010dn\u00edho a koncov\u00e9ho sn\u00edmku videa<\/a>\n\n        <div class=\"wprss-feed-meta\">\n                <span class=\"feed-source\">\n        Source:  <a href=\"https:\/\/d3arts.cz\/feed\" class=\"\" target=\"_blank\" rel=\"noopener noreferrer nofollow\" style=\"\">d3arts.cz<\/a>\n    <\/span>\n                <span class=\"feed-date\">\n        Date:  2025-08-04\n    <\/span>\n            <span class=\"feed-author\">By d3arts.cz<\/span>\n        <\/div>\n\n        \n    <\/li>    <li class=\"wpra-item feed-item\">\n        <a href=\"https:\/\/d3arts.cz\/umela-inteligence\/parallax-lhiff-barcelona-2025-hradecak\/\" class=\"\" target=\"_blank\" rel=\"noopener noreferrer nofollow\" style=\"\">Parallax m\u00ed\u0159\u00ed na Love and Hope International Film Festival v\u00a0Barcelon\u011b, autorem je Hrade\u010d\u00e1k.<\/a>\n\n        <div class=\"wprss-feed-meta\">\n                <span class=\"feed-source\">\n        Source:  <a href=\"https:\/\/d3arts.cz\/feed\" class=\"\" target=\"_blank\" rel=\"noopener noreferrer nofollow\" style=\"\">d3arts.cz<\/a>\n    <\/span>\n                <span class=\"feed-date\">\n        Date:  2025-07-16\n    <\/span>\n            <span class=\"feed-author\">By d3arts.cz<\/span>\n        <\/div>\n\n        \n    <\/li>\n        <\/ul>\n    <\/div> <\/div><\/div>\n\t\t\t\t\t\t<\/div>\n\t\t\t\t<\/div>\n\t\t\t\t\t<\/div>\n\t\t\t\t<\/div>\n\t\t\t\t<\/div>","protected":false},"excerpt":{"rendered":"<p>\u00a0 \u00a0 PLAYLIST \u010d\u00edslo 1 \u017eije! 12. 4. 2026 | by chroust Playlist International Film Festival: Mal\u00fd form\u00e1t, velk\u00e1 ambice Na B\u00edlou sobotu 4. dubna 2026 prob\u011bhl v mal\u00e9m s\u00e1le kina Bio&#8230; Read More \u2192 PLAYLIST:\u00a0Malej festival s velkou chut\u00ed 17. 2. 2026 | by chroust Chci, aby ses c\u00edtil v\u00edtanej. A\u0165 u\u017e jsi filmovej [&hellip;]<\/p>\n","protected":false},"author":1,"featured_media":2599,"parent":0,"menu_order":0,"comment_status":"closed","ping_status":"closed","template":"","meta":{"_uag_custom_page_level_css":"","site-sidebar-layout":"default","site-content-layout":"","ast-site-content-layout":"default","site-content-style":"default","site-sidebar-style":"default","ast-global-header-display":"","ast-banner-title-visibility":"","ast-main-header-display":"","ast-hfb-above-header-display":"","ast-hfb-below-header-display":"","ast-hfb-mobile-header-display":"","site-post-title":"","ast-breadcrumbs-content":"","ast-featured-img":"","footer-sml-layout":"","ast-disable-related-posts":"","theme-transparent-header-meta":"","adv-header-id-meta":"","stick-header-meta":"","header-above-stick-meta":"","header-main-stick-meta":"","header-below-stick-meta":"","astra-migrate-meta-layouts":"set","ast-page-background-enabled":"default","ast-page-background-meta":{"desktop":{"background-color":"var(--ast-global-color-4)","background-image":"","background-repeat":"repeat","background-position":"center center","background-size":"auto","background-attachment":"scroll","background-type":"","background-media":"","overlay-type":"","overlay-color":"","overlay-opacity":"","overlay-gradient":""},"tablet":{"background-color":"","background-image":"","background-repeat":"repeat","background-position":"center center","background-size":"auto","background-attachment":"scroll","background-type":"","background-media":"","overlay-type":"","overlay-color":"","overlay-opacity":"","overlay-gradient":""},"mobile":{"background-color":"","background-image":"","background-repeat":"repeat","background-position":"center center","background-size":"auto","background-attachment":"scroll","background-type":"","background-media":"","overlay-type":"","overlay-color":"","overlay-opacity":"","overlay-gradient":""}},"ast-content-background-meta":{"desktop":{"background-color":"var(--ast-global-color-5)","background-image":"","background-repeat":"repeat","background-position":"center center","background-size":"auto","background-attachment":"scroll","background-type":"","background-media":"","overlay-type":"","overlay-color":"","overlay-opacity":"","overlay-gradient":""},"tablet":{"background-color":"var(--ast-global-color-5)","background-image":"","background-repeat":"repeat","background-position":"center center","background-size":"auto","background-attachment":"scroll","background-type":"","background-media":"","overlay-type":"","overlay-color":"","overlay-opacity":"","overlay-gradient":""},"mobile":{"background-color":"var(--ast-global-color-5)","background-image":"","background-repeat":"repeat","background-position":"center center","background-size":"auto","background-attachment":"scroll","background-type":"","background-media":"","overlay-type":"","overlay-color":"","overlay-opacity":"","overlay-gradient":""}},"footnotes":""},"class_list":["post-2614","page","type-page","status-publish","has-post-thumbnail","hentry"],"yoast_head":"<!-- This site is optimized with the Yoast SEO plugin v27.4 - https:\/\/yoast.com\/product\/yoast-seo-wordpress\/ -->\n<title>Blog - 4.4.2027<\/title>\n<meta name=\"description\" content=\"Nakoukni do BLOGU o festivalu AI filmu prob\u00edhaj\u00edc\u00ed v Hradci Kr\u00e1lov\u00e9.\" \/>\n<meta name=\"robots\" content=\"index, follow, max-snippet:-1, max-image-preview:large, max-video-preview:-1\" \/>\n<link rel=\"canonical\" href=\"https:\/\/play-list.cz\/en\/blog\/\" \/>\n<meta property=\"og:locale\" content=\"en_US\" \/>\n<meta property=\"og:type\" content=\"article\" \/>\n<meta property=\"og:title\" content=\"Blog - 4.4.2027\" \/>\n<meta property=\"og:description\" content=\"Nakoukni do BLOGU o festivalu AI filmu prob\u00edhaj\u00edc\u00ed v Hradci Kr\u00e1lov\u00e9.\" \/>\n<meta property=\"og:url\" content=\"https:\/\/play-list.cz\/en\/blog\/\" \/>\n<meta property=\"og:site_name\" content=\"4.4.2027\" \/>\n<meta property=\"article:publisher\" content=\"https:\/\/www.facebook.com\/groups\/promoteyourplaylist\" \/>\n<meta property=\"article:modified_time\" content=\"2026-04-13T11:21:27+00:00\" \/>\n<meta property=\"og:image\" content=\"https:\/\/play-list.cz\/wp-content\/uploads\/2026\/02\/playlist_ogg_2.jpg\" \/>\n\t<meta property=\"og:image:width\" content=\"1000\" \/>\n\t<meta property=\"og:image:height\" content=\"523\" \/>\n\t<meta property=\"og:image:type\" content=\"image\/jpeg\" \/>\n<meta name=\"twitter:card\" content=\"summary_large_image\" \/>\n<meta name=\"twitter:site\" content=\"@Playlist_IFF\" \/>\n<meta name=\"twitter:label1\" content=\"Est. reading time\" \/>\n\t<meta name=\"twitter:data1\" content=\"1 minute\" \/>\n<script type=\"application\/ld+json\" class=\"yoast-schema-graph\">{\"@context\":\"https:\\\/\\\/schema.org\",\"@graph\":[{\"@type\":\"WebPage\",\"@id\":\"https:\\\/\\\/play-list.cz\\\/blog\\\/\",\"url\":\"https:\\\/\\\/play-list.cz\\\/blog\\\/\",\"name\":\"Blog - 4.4.2027\",\"isPartOf\":{\"@id\":\"https:\\\/\\\/play-list.cz\\\/#website\"},\"primaryImageOfPage\":{\"@id\":\"https:\\\/\\\/play-list.cz\\\/blog\\\/#primaryimage\"},\"image\":{\"@id\":\"https:\\\/\\\/play-list.cz\\\/blog\\\/#primaryimage\"},\"thumbnailUrl\":\"https:\\\/\\\/play-list.cz\\\/wp-content\\\/uploads\\\/2026\\\/02\\\/playlist_ogg_2.jpg\",\"datePublished\":\"2026-02-17T14:20:56+00:00\",\"dateModified\":\"2026-04-13T11:21:27+00:00\",\"description\":\"Nakoukni do BLOGU o festivalu AI filmu prob\u00edhaj\u00edc\u00ed v Hradci Kr\u00e1lov\u00e9.\",\"breadcrumb\":{\"@id\":\"https:\\\/\\\/play-list.cz\\\/blog\\\/#breadcrumb\"},\"inLanguage\":\"en-US\",\"potentialAction\":[{\"@type\":\"ReadAction\",\"target\":[\"https:\\\/\\\/play-list.cz\\\/blog\\\/\"]}]},{\"@type\":\"ImageObject\",\"inLanguage\":\"en-US\",\"@id\":\"https:\\\/\\\/play-list.cz\\\/blog\\\/#primaryimage\",\"url\":\"https:\\\/\\\/play-list.cz\\\/wp-content\\\/uploads\\\/2026\\\/02\\\/playlist_ogg_2.jpg\",\"contentUrl\":\"https:\\\/\\\/play-list.cz\\\/wp-content\\\/uploads\\\/2026\\\/02\\\/playlist_ogg_2.jpg\",\"width\":1000,\"height\":523},{\"@type\":\"BreadcrumbList\",\"@id\":\"https:\\\/\\\/play-list.cz\\\/blog\\\/#breadcrumb\",\"itemListElement\":[{\"@type\":\"ListItem\",\"position\":1,\"name\":\"Dom\u016f\",\"item\":\"https:\\\/\\\/play-list.cz\\\/\"},{\"@type\":\"ListItem\",\"position\":2,\"name\":\"Blog\"}]},{\"@type\":\"WebSite\",\"@id\":\"https:\\\/\\\/play-list.cz\\\/#website\",\"url\":\"https:\\\/\\\/play-list.cz\\\/\",\"name\":\"Playlist Film Festival\",\"description\":\"PLAYLIST FILM FESTIVAL\",\"publisher\":{\"@id\":\"https:\\\/\\\/play-list.cz\\\/#organization\"},\"alternateName\":\"PiFF\",\"potentialAction\":[{\"@type\":\"SearchAction\",\"target\":{\"@type\":\"EntryPoint\",\"urlTemplate\":\"https:\\\/\\\/play-list.cz\\\/?s={search_term_string}\"},\"query-input\":{\"@type\":\"PropertyValueSpecification\",\"valueRequired\":true,\"valueName\":\"search_term_string\"}}],\"inLanguage\":\"en-US\"},{\"@type\":\"Organization\",\"@id\":\"https:\\\/\\\/play-list.cz\\\/#organization\",\"name\":\"PIFF\",\"alternateName\":\"Playlist Film Festival\",\"url\":\"https:\\\/\\\/play-list.cz\\\/\",\"logo\":{\"@type\":\"ImageObject\",\"inLanguage\":\"en-US\",\"@id\":\"https:\\\/\\\/play-list.cz\\\/#\\\/schema\\\/logo\\\/image\\\/\",\"url\":\"https:\\\/\\\/play-list.cz\\\/wp-content\\\/uploads\\\/2025\\\/06\\\/cropped-playlist-PIFF-Logo_bitmap_noeff.png\",\"contentUrl\":\"https:\\\/\\\/play-list.cz\\\/wp-content\\\/uploads\\\/2025\\\/06\\\/cropped-playlist-PIFF-Logo_bitmap_noeff.png\",\"width\":586,\"height\":319,\"caption\":\"PIFF\"},\"image\":{\"@id\":\"https:\\\/\\\/play-list.cz\\\/#\\\/schema\\\/logo\\\/image\\\/\"},\"sameAs\":[\"https:\\\/\\\/www.facebook.com\\\/groups\\\/promoteyourplaylist\",\"https:\\\/\\\/x.com\\\/Playlist_IFF\",\"https:\\\/\\\/www.instagram.com\\\/playlist.iff\\\/\",\"https:\\\/\\\/bsky.app\\\/profile\\\/playlist-iff.bsky.social\",\"https:\\\/\\\/www.imdb.com\\\/user\\\/ur203332179\\\/\"]}]}<\/script>\n<!-- \/ Yoast SEO plugin. -->","yoast_head_json":{"title":"Blog - 4.4.2027","description":"Nakoukni do BLOGU o festivalu AI filmu prob\u00edhaj\u00edc\u00ed v Hradci Kr\u00e1lov\u00e9.","robots":{"index":"index","follow":"follow","max-snippet":"max-snippet:-1","max-image-preview":"max-image-preview:large","max-video-preview":"max-video-preview:-1"},"canonical":"https:\/\/play-list.cz\/en\/blog\/","og_locale":"en_US","og_type":"article","og_title":"Blog - 4.4.2027","og_description":"Nakoukni do BLOGU o festivalu AI filmu prob\u00edhaj\u00edc\u00ed v Hradci Kr\u00e1lov\u00e9.","og_url":"https:\/\/play-list.cz\/en\/blog\/","og_site_name":"4.4.2027","article_publisher":"https:\/\/www.facebook.com\/groups\/promoteyourplaylist","article_modified_time":"2026-04-13T11:21:27+00:00","og_image":[{"width":1000,"height":523,"url":"https:\/\/play-list.cz\/wp-content\/uploads\/2026\/02\/playlist_ogg_2.jpg","type":"image\/jpeg"}],"twitter_card":"summary_large_image","twitter_site":"@Playlist_IFF","twitter_misc":{"Est. reading time":"1 minute"},"schema":{"@context":"https:\/\/schema.org","@graph":[{"@type":"WebPage","@id":"https:\/\/play-list.cz\/blog\/","url":"https:\/\/play-list.cz\/blog\/","name":"Blog - 4.4.2027","isPartOf":{"@id":"https:\/\/play-list.cz\/#website"},"primaryImageOfPage":{"@id":"https:\/\/play-list.cz\/blog\/#primaryimage"},"image":{"@id":"https:\/\/play-list.cz\/blog\/#primaryimage"},"thumbnailUrl":"https:\/\/play-list.cz\/wp-content\/uploads\/2026\/02\/playlist_ogg_2.jpg","datePublished":"2026-02-17T14:20:56+00:00","dateModified":"2026-04-13T11:21:27+00:00","description":"Nakoukni do BLOGU o festivalu AI filmu prob\u00edhaj\u00edc\u00ed v Hradci Kr\u00e1lov\u00e9.","breadcrumb":{"@id":"https:\/\/play-list.cz\/blog\/#breadcrumb"},"inLanguage":"en-US","potentialAction":[{"@type":"ReadAction","target":["https:\/\/play-list.cz\/blog\/"]}]},{"@type":"ImageObject","inLanguage":"en-US","@id":"https:\/\/play-list.cz\/blog\/#primaryimage","url":"https:\/\/play-list.cz\/wp-content\/uploads\/2026\/02\/playlist_ogg_2.jpg","contentUrl":"https:\/\/play-list.cz\/wp-content\/uploads\/2026\/02\/playlist_ogg_2.jpg","width":1000,"height":523},{"@type":"BreadcrumbList","@id":"https:\/\/play-list.cz\/blog\/#breadcrumb","itemListElement":[{"@type":"ListItem","position":1,"name":"Dom\u016f","item":"https:\/\/play-list.cz\/"},{"@type":"ListItem","position":2,"name":"Blog"}]},{"@type":"WebSite","@id":"https:\/\/play-list.cz\/#website","url":"https:\/\/play-list.cz\/","name":"Playlist Film Festival","description":"PLAYLIST FILM FESTIVAL","publisher":{"@id":"https:\/\/play-list.cz\/#organization"},"alternateName":"PiFF","potentialAction":[{"@type":"SearchAction","target":{"@type":"EntryPoint","urlTemplate":"https:\/\/play-list.cz\/?s={search_term_string}"},"query-input":{"@type":"PropertyValueSpecification","valueRequired":true,"valueName":"search_term_string"}}],"inLanguage":"en-US"},{"@type":"Organization","@id":"https:\/\/play-list.cz\/#organization","name":"PIFF","alternateName":"Playlist Film Festival","url":"https:\/\/play-list.cz\/","logo":{"@type":"ImageObject","inLanguage":"en-US","@id":"https:\/\/play-list.cz\/#\/schema\/logo\/image\/","url":"https:\/\/play-list.cz\/wp-content\/uploads\/2025\/06\/cropped-playlist-PIFF-Logo_bitmap_noeff.png","contentUrl":"https:\/\/play-list.cz\/wp-content\/uploads\/2025\/06\/cropped-playlist-PIFF-Logo_bitmap_noeff.png","width":586,"height":319,"caption":"PIFF"},"image":{"@id":"https:\/\/play-list.cz\/#\/schema\/logo\/image\/"},"sameAs":["https:\/\/www.facebook.com\/groups\/promoteyourplaylist","https:\/\/x.com\/Playlist_IFF","https:\/\/www.instagram.com\/playlist.iff\/","https:\/\/bsky.app\/profile\/playlist-iff.bsky.social","https:\/\/www.imdb.com\/user\/ur203332179\/"]}]}},"uagb_featured_image_src":{"full":["https:\/\/play-list.cz\/wp-content\/uploads\/2026\/02\/playlist_ogg_2.jpg",1000,523,false],"thumbnail":["https:\/\/play-list.cz\/wp-content\/uploads\/2026\/02\/playlist_ogg_2-150x150.jpg",150,150,true],"medium":["https:\/\/play-list.cz\/wp-content\/uploads\/2026\/02\/playlist_ogg_2-300x157.jpg",300,157,true],"medium_large":["https:\/\/play-list.cz\/wp-content\/uploads\/2026\/02\/playlist_ogg_2-768x402.jpg",768,402,true],"large":["https:\/\/play-list.cz\/wp-content\/uploads\/2026\/02\/playlist_ogg_2.jpg",1000,523,false],"1536x1536":["https:\/\/play-list.cz\/wp-content\/uploads\/2026\/02\/playlist_ogg_2.jpg",1000,523,false],"2048x2048":["https:\/\/play-list.cz\/wp-content\/uploads\/2026\/02\/playlist_ogg_2.jpg",1000,523,false],"trp-custom-language-flag":["https:\/\/play-list.cz\/wp-content\/uploads\/2026\/02\/playlist_ogg_2.jpg",18,9,false]},"uagb_author_info":{"display_name":"chroust","author_link":"https:\/\/play-list.cz\/en\/author\/chroust\/"},"uagb_comment_info":0,"uagb_excerpt":"\u00a0 \u00a0 PLAYLIST \u010d\u00edslo 1 \u017eije! 12. 4. 2026 | by chroust Playlist International Film Festival: Mal\u00fd form\u00e1t, velk\u00e1 ambice Na B\u00edlou sobotu 4. dubna 2026 prob\u011bhl v mal\u00e9m s\u00e1le kina Bio&#8230; Read More \u2192 PLAYLIST:\u00a0Malej festival s velkou chut\u00ed 17. 2. 2026 | by chroust Chci, aby ses c\u00edtil v\u00edtanej. A\u0165 u\u017e jsi filmovej&hellip;","_links":{"self":[{"href":"https:\/\/play-list.cz\/en\/wp-json\/wp\/v2\/pages\/2614","targetHints":{"allow":["GET"]}}],"collection":[{"href":"https:\/\/play-list.cz\/en\/wp-json\/wp\/v2\/pages"}],"about":[{"href":"https:\/\/play-list.cz\/en\/wp-json\/wp\/v2\/types\/page"}],"author":[{"embeddable":true,"href":"https:\/\/play-list.cz\/en\/wp-json\/wp\/v2\/users\/1"}],"replies":[{"embeddable":true,"href":"https:\/\/play-list.cz\/en\/wp-json\/wp\/v2\/comments?post=2614"}],"version-history":[{"count":14,"href":"https:\/\/play-list.cz\/en\/wp-json\/wp\/v2\/pages\/2614\/revisions"}],"predecessor-version":[{"id":2854,"href":"https:\/\/play-list.cz\/en\/wp-json\/wp\/v2\/pages\/2614\/revisions\/2854"}],"wp:featuredmedia":[{"embeddable":true,"href":"https:\/\/play-list.cz\/en\/wp-json\/wp\/v2\/media\/2599"}],"wp:attachment":[{"href":"https:\/\/play-list.cz\/en\/wp-json\/wp\/v2\/media?parent=2614"}],"curies":[{"name":"wp","href":"https:\/\/api.w.org\/{rel}","templated":true}]}}