{"id":1321,"date":"2025-06-22T09:52:33","date_gmt":"2025-06-22T07:52:33","guid":{"rendered":"https:\/\/play-list.cz\/contact\/"},"modified":"2026-04-07T20:40:06","modified_gmt":"2026-04-07T18:40:06","slug":"contact","status":"publish","type":"page","link":"https:\/\/play-list.cz\/en\/contact\/","title":{"rendered":"Contact"},"content":{"rendered":"<div data-elementor-type=\"wp-page\" data-elementor-id=\"1321\" class=\"elementor elementor-1321\">\n\t\t\t\t<div class=\"elementor-element elementor-element-f3d06b3 e-flex e-con-boxed e-con e-parent\" data-id=\"f3d06b3\" data-element_type=\"container\" data-e-type=\"container\" data-settings=\"{&quot;background_background&quot;:&quot;classic&quot;}\">\n\t\t\t\t\t<div class=\"e-con-inner\">\n\t\t<div class=\"elementor-element elementor-element-c248003 e-flex e-con-boxed e-con e-child\" data-id=\"c248003\" data-element_type=\"container\" data-e-type=\"container\">\n\t\t\t\t\t<div class=\"e-con-inner\">\n\t\t\t\t<div class=\"elementor-element elementor-element-0cd6647 elementor-widget elementor-widget-heading\" data-id=\"0cd6647\" data-element_type=\"widget\" data-e-type=\"widget\" data-widget_type=\"heading.default\">\n\t\t\t\t<div class=\"elementor-widget-container\">\n\t\t\t\t\t<h1 class=\"elementor-heading-title elementor-size-default\">Contact<\/h1>\t\t\t\t<\/div>\n\t\t\t\t<\/div>\n\t\t\t\t\t<\/div>\n\t\t\t\t<\/div>\n\t\t\t\t\t<\/div>\n\t\t\t\t<\/div>\n\t\t<div class=\"elementor-element elementor-element-16b11c4 e-grid e-con-boxed e-con e-parent\" data-id=\"16b11c4\" data-element_type=\"container\" data-e-type=\"container\">\n\t\t\t\t\t<div class=\"e-con-inner\">\n\t\t<div class=\"elementor-element elementor-element-b8ab7ad e-con-full e-flex e-con e-child\" data-id=\"b8ab7ad\" data-element_type=\"container\" data-e-type=\"container\">\n\t\t\t\t<div class=\"elementor-element elementor-element-185d908 elementor-widget elementor-widget-icon-box\" data-id=\"185d908\" data-element_type=\"widget\" data-e-type=\"widget\" data-widget_type=\"icon-box.default\">\n\t\t\t\t<div class=\"elementor-widget-container\">\n\t\t\t\t\t\t\t<div class=\"elementor-icon-box-wrapper\">\n\n\t\t\t\n\t\t\t\t\t\t<div class=\"elementor-icon-box-content\">\n\n\t\t\t\t\t\t\t\t\t<h6 class=\"elementor-icon-box-title\">\n\t\t\t\t\t\t<span  >\n\t\t\t\t\t\t\tEMAIL\t\t\t\t\t\t<\/span>\n\t\t\t\t\t<\/h6>\n\t\t\t\t\n\t\t\t\t\t\t\t\t\t<p class=\"elementor-icon-box-description\">\n\t\t\t\t\t\t<a href=\"mailto:piff@d3arts.cz\">piff@d3arts.cz<\/a>\t\t\t\t\t<\/p>\n\t\t\t\t\n\t\t\t<\/div>\n\t\t\t\n\t\t<\/div>\n\t\t\t\t\t\t<\/div>\n\t\t\t\t<\/div>\n\t\t\t\t<div class=\"elementor-element elementor-element-eaad622 elementor-widget elementor-widget-icon-box\" data-id=\"eaad622\" data-element_type=\"widget\" data-e-type=\"widget\" data-widget_type=\"icon-box.default\">\n\t\t\t\t<div class=\"elementor-widget-container\">\n\t\t\t\t\t\t\t<div class=\"elementor-icon-box-wrapper\">\n\n\t\t\t\n\t\t\t\t\t\t<div class=\"elementor-icon-box-content\">\n\n\t\t\t\t\t\t\t\t\t<h6 class=\"elementor-icon-box-title\">\n\t\t\t\t\t\t<span  >\n\t\t\t\t\t\t\tTelefon\t\t\t\t\t\t<\/span>\n\t\t\t\t\t<\/h6>\n\t\t\t\t\n\t\t\t\t\t\t\t\t\t<p class=\"elementor-icon-box-description\">\n\t\t\t\t\t\t<a href=\"tel:+420 775 613 933\">775613933<\/a>\t\t\t\t\t<\/p>\n\t\t\t\t\n\t\t\t<\/div>\n\t\t\t\n\t\t<\/div>\n\t\t\t\t\t\t<\/div>\n\t\t\t\t<\/div>\n\t\t\t\t<div class=\"elementor-element elementor-element-a45bd6a elementor-widget elementor-widget-icon-box\" data-id=\"a45bd6a\" data-element_type=\"widget\" data-e-type=\"widget\" data-widget_type=\"icon-box.default\">\n\t\t\t\t<div class=\"elementor-widget-container\">\n\t\t\t\t\t\t\t<div class=\"elementor-icon-box-wrapper\">\n\n\t\t\t\n\t\t\t\t\t\t<div class=\"elementor-icon-box-content\">\n\n\t\t\t\t\t\t\t\t\t<h6 class=\"elementor-icon-box-title\">\n\t\t\t\t\t\t<span  >\n\t\t\t\t\t\t\tAdresa\t\t\t\t\t\t<\/span>\n\t\t\t\t\t<\/h6>\n\t\t\t\t\n\t\t\t\t\t\t\t\t\t<p class=\"elementor-icon-box-description\">\n\t\t\t\t\t\t<a href=\"\">Milady Hor\u00e1kov\u00e9 1076\/9, Hradec Kr\u00e1lov\u00e9, \u010cesk\u00e1 Republika, Planeta Zem\u011b<\/a>\t\t\t\t\t<\/p>\n\t\t\t\t\n\t\t\t<\/div>\n\t\t\t\n\t\t<\/div>\n\t\t\t\t\t\t<\/div>\n\t\t\t\t<\/div>\n\t\t\t\t<div class=\"elementor-element elementor-element-6ba0b22 elementor-widget elementor-widget-icon-box\" data-id=\"6ba0b22\" data-element_type=\"widget\" data-e-type=\"widget\" data-widget_type=\"icon-box.default\">\n\t\t\t\t<div class=\"elementor-widget-container\">\n\t\t\t\t\t\t\t<div class=\"elementor-icon-box-wrapper\">\n\n\t\t\t\n\t\t\t\t\t\t<div class=\"elementor-icon-box-content\">\n\n\t\t\t\t\t\t\t\t\t<h6 class=\"elementor-icon-box-title\">\n\t\t\t\t\t\t<span  >\n\t\t\t\t\t\t\tKino Bio Central\t\t\t\t\t\t<\/span>\n\t\t\t\t\t<\/h6>\n\t\t\t\t\n\t\t\t\t\t\t\t\t\t<p class=\"elementor-icon-box-description\">\n\t\t\t\t\t\t<a href=\"https:\/\/maps.app.goo.gl\/vckURMceU4p3VcDM9\">Karla IV. 774, 500 02 Hradec Kr\u00e1lov\u00e9, \u010cesk\u00e1 Republika<\/a>\t\t\t\t\t<\/p>\n\t\t\t\t\n\t\t\t<\/div>\n\t\t\t\n\t\t<\/div>\n\t\t\t\t\t\t<\/div>\n\t\t\t\t<\/div>\n\t\t\t\t<div class=\"elementor-element elementor-element-83612e4 elementor-widget elementor-widget-html\" data-id=\"83612e4\" data-element_type=\"widget\" data-e-type=\"widget\" data-widget_type=\"html.default\">\n\t\t\t\t<div class=\"elementor-widget-container\">\n\t\t\t\t\t<a href=\"https:\/\/filmfreeway.com\/festivals\/94675?utm_campaign=Playlist+International+Film+Festival&amp;utm_medium=External&amp;utm_source=Submission+Button\" target=\"_blank\" title=\"Click to submit on FilmFreeway\"><img decoding=\"async\" src=\"https:\/\/public-assets.filmfreeway.com\/submission_buttons\/v2\/med_submission_btn@2x-white.png\" title=\"Click to submit on FilmFreeway\" width=\"263\" height=\"102\"><\/a>\t\t\t\t<\/div>\n\t\t\t\t<\/div>\n\t\t\t\t<\/div>\n\t\t\t\t<div class=\"elementor-element elementor-element-f31f8d0 elementor-widget elementor-widget-shortcode\" data-id=\"f31f8d0\" data-element_type=\"widget\" data-e-type=\"widget\" data-widget_type=\"shortcode.default\">\n\t\t\t\t<div class=\"elementor-widget-container\">\n\t\t\t\t\t\t\t<div class=\"elementor-shortcode\">\n<div class=\"wpcf7 no-js\" id=\"wpcf7-f24-o1\" lang=\"cs-CZ\" dir=\"ltr\" data-wpcf7-id=\"24\">\n<div class=\"screen-reader-response\"><p role=\"status\" aria-live=\"polite\" aria-atomic=\"true\"><\/p> <ul><\/ul><\/div>\n<form action=\"\/en\/wp-json\/wp\/v2\/pages\/1321#wpcf7-f24-o1\" method=\"post\" class=\"wpcf7-form init\" aria-label=\"Kontaktn\u00ed formul\u00e1\u0159\" novalidate=\"novalidate\" data-status=\"init\" data-trp-original-action=\"\/en\/wp-json\/wp\/v2\/pages\/1321#wpcf7-f24-o1\">\n<fieldset class=\"hidden-fields-container\"><input type=\"hidden\" name=\"_wpcf7\" value=\"24\" \/><input type=\"hidden\" name=\"_wpcf7_version\" value=\"6.1.5\" \/><input type=\"hidden\" name=\"_wpcf7_locale\" value=\"cs_CZ\" \/><input type=\"hidden\" name=\"_wpcf7_unit_tag\" value=\"wpcf7-f24-o1\" \/><input type=\"hidden\" name=\"_wpcf7_container_post\" value=\"0\" \/><input type=\"hidden\" name=\"_wpcf7_posted_data_hash\" value=\"\" \/><input type=\"hidden\" name=\"_wpcf7_recaptcha_response\" value=\"\" \/>\n<\/fieldset>\n<p><label> Jm\u00e9no<br \/>\n<span class=\"wpcf7-form-control-wrap\" data-name=\"your-name\"><input size=\"40\" maxlength=\"400\" class=\"wpcf7-form-control wpcf7-text wpcf7-validates-as-required\" autocomplete=\"name\" aria-required=\"true\" aria-invalid=\"false\" value=\"\" type=\"text\" name=\"your-name\" \/><\/span> <\/label>\n<\/p>\n<p><label> E-mail<br \/>\n<span class=\"wpcf7-form-control-wrap\" data-name=\"your-email\"><input size=\"40\" maxlength=\"400\" class=\"wpcf7-form-control wpcf7-email wpcf7-validates-as-required wpcf7-text wpcf7-validates-as-email\" autocomplete=\"email\" aria-required=\"true\" aria-invalid=\"false\" value=\"\" type=\"email\" name=\"your-email\" \/><\/span> <\/label>\n<\/p>\n<p><label> P\u0159edm\u011bt<br \/>\n<span class=\"wpcf7-form-control-wrap\" data-name=\"your-subject\"><input size=\"40\" maxlength=\"400\" class=\"wpcf7-form-control wpcf7-text wpcf7-validates-as-required\" aria-required=\"true\" aria-invalid=\"false\" value=\"\" type=\"text\" name=\"your-subject\" \/><\/span> <\/label>\n<\/p>\n<p><label> Va\u0161e zpr\u00e1va (voliteln\u00fd)<br \/>\n<span class=\"wpcf7-form-control-wrap\" data-name=\"your-message\"><textarea cols=\"40\" rows=\"10\" maxlength=\"2000\" class=\"wpcf7-form-control wpcf7-textarea\" aria-invalid=\"false\" name=\"your-message\"><\/textarea><\/span> <\/label>\n<\/p>\n<p><input class=\"wpcf7-form-control wpcf7-submit has-spinner\" type=\"submit\" value=\"Odeslat\" \/>\n<\/p>\n<div class=\"wpcf7-response-output\" aria-hidden=\"true\"><\/div>\n<input type=\"hidden\" name=\"trp-form-language\" value=\"en\"\/><\/form>\n<\/div>\n<\/div>\n\t\t\t\t\t\t<\/div>\n\t\t\t\t<\/div>\n\t\t\t\t\t<\/div>\n\t\t\t\t<\/div>\n\t\t<div class=\"elementor-element elementor-element-6753142 e-flex e-con-boxed e-con e-parent\" data-id=\"6753142\" data-element_type=\"container\" data-e-type=\"container\" data-settings=\"{&quot;background_background&quot;:&quot;classic&quot;}\">\n\t\t\t\t\t<div class=\"e-con-inner\">\n\t\t<div class=\"elementor-element elementor-element-e6c12b6 e-con-full e-flex e-con e-child\" data-id=\"e6c12b6\" data-element_type=\"container\" data-e-type=\"container\">\n\t\t<div class=\"elementor-element elementor-element-3251d36 e-flex e-con-boxed e-con e-child\" data-id=\"3251d36\" data-element_type=\"container\" data-e-type=\"container\">\n\t\t\t\t\t<div class=\"e-con-inner\">\n\t\t\t\t\t<\/div>\n\t\t\t\t<\/div>\n\t\t\t\t<\/div>\n\t\t\t\t\t<\/div>\n\t\t\t\t<\/div>\n\t\t\t\t<\/div>","protected":false},"excerpt":{"rendered":"<p>Kontakt EMAIL piff@d3arts.cz Telefon 775613933 Adresa Milady Hor\u00e1kov\u00e9 1076\/9, Hradec Kr\u00e1lov\u00e9, \u010cesk\u00e1 Republika, Planeta Zem\u011b Kino Bio Central Karla IV. 774, 500 02 Hradec Kr\u00e1lov\u00e9, \u010cesk\u00e1 Republika<\/p>","protected":false},"author":1,"featured_media":2599,"parent":0,"menu_order":0,"comment_status":"closed","ping_status":"closed","template":"","meta":{"_uag_custom_page_level_css":"","site-sidebar-layout":"no-sidebar","site-content-layout":"page-builder","ast-site-content-layout":"full-width-container","site-content-style":"unboxed","site-sidebar-style":"unboxed","ast-global-header-display":"","ast-banner-title-visibility":"","ast-main-header-display":"","ast-hfb-above-header-display":"","ast-hfb-below-header-display":"","ast-hfb-mobile-header-display":"","site-post-title":"disabled","ast-breadcrumbs-content":"","ast-featured-img":"disabled","footer-sml-layout":"","ast-disable-related-posts":"","theme-transparent-header-meta":"enabled","adv-header-id-meta":"","stick-header-meta":"","header-above-stick-meta":"","header-main-stick-meta":"","header-below-stick-meta":"","astra-migrate-meta-layouts":"set","ast-page-background-enabled":"default","ast-page-background-meta":{"desktop":{"background-color":"var(--ast-global-color-4)","background-image":"","background-repeat":"repeat","background-position":"center center","background-size":"auto","background-attachment":"scroll","background-type":"","background-media":"","overlay-type":"","overlay-color":"","overlay-opacity":"","overlay-gradient":""},"tablet":{"background-color":"","background-image":"","background-repeat":"repeat","background-position":"center center","background-size":"auto","background-attachment":"scroll","background-type":"","background-media":"","overlay-type":"","overlay-color":"","overlay-opacity":"","overlay-gradient":""},"mobile":{"background-color":"","background-image":"","background-repeat":"repeat","background-position":"center center","background-size":"auto","background-attachment":"scroll","background-type":"","background-media":"","overlay-type":"","overlay-color":"","overlay-opacity":"","overlay-gradient":""}},"ast-content-background-meta":{"desktop":{"background-color":"var(--ast-global-color-5)","background-image":"","background-repeat":"repeat","background-position":"center center","background-size":"auto","background-attachment":"scroll","background-type":"","background-media":"","overlay-type":"","overlay-color":"","overlay-opacity":"","overlay-gradient":""},"tablet":{"background-color":"var(--ast-global-color-5)","background-image":"","background-repeat":"repeat","background-position":"center center","background-size":"auto","background-attachment":"scroll","background-type":"","background-media":"","overlay-type":"","overlay-color":"","overlay-opacity":"","overlay-gradient":""},"mobile":{"background-color":"var(--ast-global-color-5)","background-image":"","background-repeat":"repeat","background-position":"center center","background-size":"auto","background-attachment":"scroll","background-type":"","background-media":"","overlay-type":"","overlay-color":"","overlay-opacity":"","overlay-gradient":""}},"footnotes":""},"class_list":["post-1321","page","type-page","status-publish","has-post-thumbnail","hentry"],"yoast_head":"<!-- This site is optimized with the Yoast SEO plugin v27.4 - https:\/\/yoast.com\/product\/yoast-seo-wordpress\/ -->\n<title>Kontakt - 4.4.2027<\/title>\n<meta name=\"robots\" content=\"index, follow, max-snippet:-1, max-image-preview:large, max-video-preview:-1\" \/>\n<link rel=\"canonical\" href=\"https:\/\/play-list.cz\/en\/contact\/\" \/>\n<meta property=\"og:locale\" content=\"en_US\" \/>\n<meta property=\"og:type\" content=\"article\" \/>\n<meta property=\"og:title\" content=\"Kontakt - 4.4.2027\" \/>\n<meta property=\"og:description\" content=\"Kontakt EMAIL piff@d3arts.cz Telefon 775613933 Adresa Milady Hor\u00e1kov\u00e9 1076\/9, Hradec Kr\u00e1lov\u00e9, \u010cesk\u00e1 Republika, Planeta Zem\u011b Kino Bio Central Karla IV. 774, 500 02 Hradec Kr\u00e1lov\u00e9, \u010cesk\u00e1 Republika\" \/>\n<meta property=\"og:url\" content=\"https:\/\/play-list.cz\/en\/contact\/\" \/>\n<meta property=\"og:site_name\" content=\"4.4.2027\" \/>\n<meta property=\"article:publisher\" content=\"https:\/\/www.facebook.com\/groups\/promoteyourplaylist\" \/>\n<meta property=\"article:modified_time\" content=\"2026-04-07T18:40:06+00:00\" \/>\n<meta property=\"og:image\" content=\"https:\/\/play-list.cz\/wp-content\/uploads\/2026\/02\/playlist_ogg_2.jpg\" \/>\n\t<meta property=\"og:image:width\" content=\"1000\" \/>\n\t<meta property=\"og:image:height\" content=\"523\" \/>\n\t<meta property=\"og:image:type\" content=\"image\/jpeg\" \/>\n<meta name=\"twitter:card\" content=\"summary_large_image\" \/>\n<meta name=\"twitter:site\" content=\"@Playlist_IFF\" \/>\n<meta name=\"twitter:label1\" content=\"Est. reading time\" \/>\n\t<meta name=\"twitter:data1\" content=\"1 minute\" \/>\n<script type=\"application\/ld+json\" class=\"yoast-schema-graph\">{\"@context\":\"https:\\\/\\\/schema.org\",\"@graph\":[{\"@type\":\"WebPage\",\"@id\":\"https:\\\/\\\/play-list.cz\\\/contact\\\/\",\"url\":\"https:\\\/\\\/play-list.cz\\\/contact\\\/\",\"name\":\"Kontakt - 4.4.2027\",\"isPartOf\":{\"@id\":\"https:\\\/\\\/play-list.cz\\\/#website\"},\"primaryImageOfPage\":{\"@id\":\"https:\\\/\\\/play-list.cz\\\/contact\\\/#primaryimage\"},\"image\":{\"@id\":\"https:\\\/\\\/play-list.cz\\\/contact\\\/#primaryimage\"},\"thumbnailUrl\":\"https:\\\/\\\/play-list.cz\\\/wp-content\\\/uploads\\\/2026\\\/02\\\/playlist_ogg_2.jpg\",\"datePublished\":\"2025-06-22T07:52:33+00:00\",\"dateModified\":\"2026-04-07T18:40:06+00:00\",\"breadcrumb\":{\"@id\":\"https:\\\/\\\/play-list.cz\\\/contact\\\/#breadcrumb\"},\"inLanguage\":\"en-US\",\"potentialAction\":[{\"@type\":\"ReadAction\",\"target\":[\"https:\\\/\\\/play-list.cz\\\/contact\\\/\"]}]},{\"@type\":\"ImageObject\",\"inLanguage\":\"en-US\",\"@id\":\"https:\\\/\\\/play-list.cz\\\/contact\\\/#primaryimage\",\"url\":\"https:\\\/\\\/play-list.cz\\\/wp-content\\\/uploads\\\/2026\\\/02\\\/playlist_ogg_2.jpg\",\"contentUrl\":\"https:\\\/\\\/play-list.cz\\\/wp-content\\\/uploads\\\/2026\\\/02\\\/playlist_ogg_2.jpg\",\"width\":1000,\"height\":523},{\"@type\":\"BreadcrumbList\",\"@id\":\"https:\\\/\\\/play-list.cz\\\/contact\\\/#breadcrumb\",\"itemListElement\":[{\"@type\":\"ListItem\",\"position\":1,\"name\":\"Dom\u016f\",\"item\":\"https:\\\/\\\/play-list.cz\\\/\"},{\"@type\":\"ListItem\",\"position\":2,\"name\":\"Kontakt\"}]},{\"@type\":\"WebSite\",\"@id\":\"https:\\\/\\\/play-list.cz\\\/#website\",\"url\":\"https:\\\/\\\/play-list.cz\\\/\",\"name\":\"Playlist Film Festival\",\"description\":\"PLAYLIST FILM FESTIVAL\",\"publisher\":{\"@id\":\"https:\\\/\\\/play-list.cz\\\/#organization\"},\"alternateName\":\"PiFF\",\"potentialAction\":[{\"@type\":\"SearchAction\",\"target\":{\"@type\":\"EntryPoint\",\"urlTemplate\":\"https:\\\/\\\/play-list.cz\\\/?s={search_term_string}\"},\"query-input\":{\"@type\":\"PropertyValueSpecification\",\"valueRequired\":true,\"valueName\":\"search_term_string\"}}],\"inLanguage\":\"en-US\"},{\"@type\":\"Organization\",\"@id\":\"https:\\\/\\\/play-list.cz\\\/#organization\",\"name\":\"PIFF\",\"alternateName\":\"Playlist Film Festival\",\"url\":\"https:\\\/\\\/play-list.cz\\\/\",\"logo\":{\"@type\":\"ImageObject\",\"inLanguage\":\"en-US\",\"@id\":\"https:\\\/\\\/play-list.cz\\\/#\\\/schema\\\/logo\\\/image\\\/\",\"url\":\"https:\\\/\\\/play-list.cz\\\/wp-content\\\/uploads\\\/2025\\\/06\\\/cropped-playlist-PIFF-Logo_bitmap_noeff.png\",\"contentUrl\":\"https:\\\/\\\/play-list.cz\\\/wp-content\\\/uploads\\\/2025\\\/06\\\/cropped-playlist-PIFF-Logo_bitmap_noeff.png\",\"width\":586,\"height\":319,\"caption\":\"PIFF\"},\"image\":{\"@id\":\"https:\\\/\\\/play-list.cz\\\/#\\\/schema\\\/logo\\\/image\\\/\"},\"sameAs\":[\"https:\\\/\\\/www.facebook.com\\\/groups\\\/promoteyourplaylist\",\"https:\\\/\\\/x.com\\\/Playlist_IFF\",\"https:\\\/\\\/www.instagram.com\\\/playlist.iff\\\/\",\"https:\\\/\\\/bsky.app\\\/profile\\\/playlist-iff.bsky.social\",\"https:\\\/\\\/www.imdb.com\\\/user\\\/ur203332179\\\/\"]}]}<\/script>\n<!-- \/ Yoast SEO plugin. -->","yoast_head_json":{"title":"Kontakt - 4.4.2027","robots":{"index":"index","follow":"follow","max-snippet":"max-snippet:-1","max-image-preview":"max-image-preview:large","max-video-preview":"max-video-preview:-1"},"canonical":"https:\/\/play-list.cz\/en\/contact\/","og_locale":"en_US","og_type":"article","og_title":"Kontakt - 4.4.2027","og_description":"Kontakt EMAIL piff@d3arts.cz Telefon 775613933 Adresa Milady Hor\u00e1kov\u00e9 1076\/9, Hradec Kr\u00e1lov\u00e9, \u010cesk\u00e1 Republika, Planeta Zem\u011b Kino Bio Central Karla IV. 774, 500 02 Hradec Kr\u00e1lov\u00e9, \u010cesk\u00e1 Republika","og_url":"https:\/\/play-list.cz\/en\/contact\/","og_site_name":"4.4.2027","article_publisher":"https:\/\/www.facebook.com\/groups\/promoteyourplaylist","article_modified_time":"2026-04-07T18:40:06+00:00","og_image":[{"width":1000,"height":523,"url":"https:\/\/play-list.cz\/wp-content\/uploads\/2026\/02\/playlist_ogg_2.jpg","type":"image\/jpeg"}],"twitter_card":"summary_large_image","twitter_site":"@Playlist_IFF","twitter_misc":{"Est. reading time":"1 minute"},"schema":{"@context":"https:\/\/schema.org","@graph":[{"@type":"WebPage","@id":"https:\/\/play-list.cz\/contact\/","url":"https:\/\/play-list.cz\/contact\/","name":"Kontakt - 4.4.2027","isPartOf":{"@id":"https:\/\/play-list.cz\/#website"},"primaryImageOfPage":{"@id":"https:\/\/play-list.cz\/contact\/#primaryimage"},"image":{"@id":"https:\/\/play-list.cz\/contact\/#primaryimage"},"thumbnailUrl":"https:\/\/play-list.cz\/wp-content\/uploads\/2026\/02\/playlist_ogg_2.jpg","datePublished":"2025-06-22T07:52:33+00:00","dateModified":"2026-04-07T18:40:06+00:00","breadcrumb":{"@id":"https:\/\/play-list.cz\/contact\/#breadcrumb"},"inLanguage":"en-US","potentialAction":[{"@type":"ReadAction","target":["https:\/\/play-list.cz\/contact\/"]}]},{"@type":"ImageObject","inLanguage":"en-US","@id":"https:\/\/play-list.cz\/contact\/#primaryimage","url":"https:\/\/play-list.cz\/wp-content\/uploads\/2026\/02\/playlist_ogg_2.jpg","contentUrl":"https:\/\/play-list.cz\/wp-content\/uploads\/2026\/02\/playlist_ogg_2.jpg","width":1000,"height":523},{"@type":"BreadcrumbList","@id":"https:\/\/play-list.cz\/contact\/#breadcrumb","itemListElement":[{"@type":"ListItem","position":1,"name":"Dom\u016f","item":"https:\/\/play-list.cz\/"},{"@type":"ListItem","position":2,"name":"Kontakt"}]},{"@type":"WebSite","@id":"https:\/\/play-list.cz\/#website","url":"https:\/\/play-list.cz\/","name":"Playlist Film Festival","description":"PLAYLIST FILM FESTIVAL","publisher":{"@id":"https:\/\/play-list.cz\/#organization"},"alternateName":"PiFF","potentialAction":[{"@type":"SearchAction","target":{"@type":"EntryPoint","urlTemplate":"https:\/\/play-list.cz\/?s={search_term_string}"},"query-input":{"@type":"PropertyValueSpecification","valueRequired":true,"valueName":"search_term_string"}}],"inLanguage":"en-US"},{"@type":"Organization","@id":"https:\/\/play-list.cz\/#organization","name":"PIFF","alternateName":"Playlist Film Festival","url":"https:\/\/play-list.cz\/","logo":{"@type":"ImageObject","inLanguage":"en-US","@id":"https:\/\/play-list.cz\/#\/schema\/logo\/image\/","url":"https:\/\/play-list.cz\/wp-content\/uploads\/2025\/06\/cropped-playlist-PIFF-Logo_bitmap_noeff.png","contentUrl":"https:\/\/play-list.cz\/wp-content\/uploads\/2025\/06\/cropped-playlist-PIFF-Logo_bitmap_noeff.png","width":586,"height":319,"caption":"PIFF"},"image":{"@id":"https:\/\/play-list.cz\/#\/schema\/logo\/image\/"},"sameAs":["https:\/\/www.facebook.com\/groups\/promoteyourplaylist","https:\/\/x.com\/Playlist_IFF","https:\/\/www.instagram.com\/playlist.iff\/","https:\/\/bsky.app\/profile\/playlist-iff.bsky.social","https:\/\/www.imdb.com\/user\/ur203332179\/"]}]}},"uagb_featured_image_src":{"full":["https:\/\/play-list.cz\/wp-content\/uploads\/2026\/02\/playlist_ogg_2.jpg",1000,523,false],"thumbnail":["https:\/\/play-list.cz\/wp-content\/uploads\/2026\/02\/playlist_ogg_2-150x150.jpg",150,150,true],"medium":["https:\/\/play-list.cz\/wp-content\/uploads\/2026\/02\/playlist_ogg_2-300x157.jpg",300,157,true],"medium_large":["https:\/\/play-list.cz\/wp-content\/uploads\/2026\/02\/playlist_ogg_2-768x402.jpg",768,402,true],"large":["https:\/\/play-list.cz\/wp-content\/uploads\/2026\/02\/playlist_ogg_2.jpg",1000,523,false],"1536x1536":["https:\/\/play-list.cz\/wp-content\/uploads\/2026\/02\/playlist_ogg_2.jpg",1000,523,false],"2048x2048":["https:\/\/play-list.cz\/wp-content\/uploads\/2026\/02\/playlist_ogg_2.jpg",1000,523,false],"trp-custom-language-flag":["https:\/\/play-list.cz\/wp-content\/uploads\/2026\/02\/playlist_ogg_2.jpg",18,9,false]},"uagb_author_info":{"display_name":"chroust","author_link":"https:\/\/play-list.cz\/en\/author\/chroust\/"},"uagb_comment_info":0,"uagb_excerpt":"Kontakt EMAIL piff@d3arts.cz Telefon 775613933 Adresa Milady Hor\u00e1kov\u00e9 1076\/9, Hradec Kr\u00e1lov\u00e9, \u010cesk\u00e1 Republika, Planeta Zem\u011b Kino Bio Central Karla IV. 774, 500 02 Hradec Kr\u00e1lov\u00e9, \u010cesk\u00e1 Republika","_links":{"self":[{"href":"https:\/\/play-list.cz\/en\/wp-json\/wp\/v2\/pages\/1321","targetHints":{"allow":["GET"]}}],"collection":[{"href":"https:\/\/play-list.cz\/en\/wp-json\/wp\/v2\/pages"}],"about":[{"href":"https:\/\/play-list.cz\/en\/wp-json\/wp\/v2\/types\/page"}],"author":[{"embeddable":true,"href":"https:\/\/play-list.cz\/en\/wp-json\/wp\/v2\/users\/1"}],"replies":[{"embeddable":true,"href":"https:\/\/play-list.cz\/en\/wp-json\/wp\/v2\/comments?post=1321"}],"version-history":[{"count":44,"href":"https:\/\/play-list.cz\/en\/wp-json\/wp\/v2\/pages\/1321\/revisions"}],"predecessor-version":[{"id":2787,"href":"https:\/\/play-list.cz\/en\/wp-json\/wp\/v2\/pages\/1321\/revisions\/2787"}],"wp:featuredmedia":[{"embeddable":true,"href":"https:\/\/play-list.cz\/en\/wp-json\/wp\/v2\/media\/2599"}],"wp:attachment":[{"href":"https:\/\/play-list.cz\/en\/wp-json\/wp\/v2\/media?parent=1321"}],"curies":[{"name":"wp","href":"https:\/\/api.w.org\/{rel}","templated":true}]}}